{"id":21810,"date":"2021-10-01T07:34:30","date_gmt":"2021-10-01T07:34:30","guid":{"rendered":"https:\/\/ww.4220foundation.com\/?page_id=19624"},"modified":"2024-11-21T12:29:33","modified_gmt":"2024-11-21T12:29:33","slug":"oral-bible-translation","status":"publish","type":"page","link":"https:\/\/wholewordinstitute.com\/pt\/training-programs\/oral-bible-translation\/","title":{"rendered":"Tradu\u00e7\u00e3o oral da B\u00edblia"},"content":{"rendered":"<p>[et_pb_section fb_built=&#8221;1&#8243; _builder_version=&#8221;4.17.4&#8243; _module_preset=&#8221;2b39fc07-03e1-4b7b-82b1-2512ed308701&#8243; background_image=&#8221;https:\/\/wholewordinstitute.com\/wp-content\/uploads\/2022\/05\/Chen-photo-of-revising-meeting-after-Barma-Genesis-translation.jpg&#8221; background_enable_video_mp4=&#8221;off&#8221; background_enable_video_webm=&#8221;off&#8221; allow_player_pause=&#8221;on&#8221; min_height=&#8221;60vh&#8221; min_height_tablet=&#8221;50vh&#8221; min_height_phone=&#8221;50vh&#8221; min_height_last_edited=&#8221;on|desktop&#8221; custom_padding=&#8221;0px||0px||false|false&#8221; custom_css_main_element=&#8221;overflow:hidden;&#8221; locked=&#8221;off&#8221; global_colors_info=&#8221;{}&#8221;][et_pb_row _builder_version=&#8221;4.17.4&#8243; _module_preset=&#8221;44d64d38-a6b9-4bbd-bb89-54b1b0720f42&#8243; max_width=&#8221;initial&#8221; custom_padding=&#8221;0em||0em||true|false&#8221; global_colors_info=&#8221;{}&#8221;][et_pb_column type=&#8221;4_4&#8243; _builder_version=&#8221;4.16&#8243; _module_preset=&#8221;default&#8221; global_colors_info=&#8221;{}&#8221;][et_pb_code module_class=&#8221;v-align-center&#8221; _builder_version=&#8221;4.17.4&#8243; _module_preset=&#8221;1e9918c8-df41-445b-a089-96c592870d18&#8243; positioning=&#8221;absolute&#8221; position_origin_a=&#8221;top_center&#8221; z_index=&#8221;-1&#8243; width=&#8221;100%&#8221; min_height=&#8221;60vh&#8221; global_colors_info=&#8221;{}&#8221;]<\/p>\n<style><!-- [et_pb_line_break_holder] --><!-- [et_pb_line_break_holder] -->  .fluid-width-video-wrapper:after {<!-- [et_pb_line_break_holder] -->    content: \"\";<!-- [et_pb_line_break_holder] -->    width: 100%;<!-- [et_pb_line_break_holder] -->    position: absolute;<!-- [et_pb_line_break_holder] -->    top: 0;<!-- [et_pb_line_break_holder] -->    right: 0;<!-- [et_pb_line_break_holder] -->    left: 0;<!-- [et_pb_line_break_holder] -->    bottom: 0;<!-- [et_pb_line_break_holder] -->    height: 100%;<!-- [et_pb_line_break_holder] -->    background: rgba(0,0,0,0.3);<!-- [et_pb_line_break_holder] -->}<!-- [et_pb_line_break_holder] --><\/style>\n<p>[\/et_pb_code][\/et_pb_column][\/et_pb_row][\/et_pb_section][et_pb_section fb_built=&#8221;1&#8243; _builder_version=&#8221;4.17.4&#8243; _module_preset=&#8221;default&#8221; background_enable_image=&#8221;off&#8221; custom_padding=&#8221;0em||4em||false|false&#8221; global_colors_info=&#8221;{}&#8221;][et_pb_row column_structure=&#8221;1_3,1_3,1_3&#8243; custom_padding_last_edited=&#8221;on|desktop&#8221; _builder_version=&#8221;4.16&#8243; _module_preset=&#8221;default&#8221; custom_padding=&#8221;3em||3em||false|false&#8221; custom_padding_tablet=&#8221;&#8221; custom_padding_phone=&#8221;&#8221; global_colors_info=&#8221;{}&#8221;][et_pb_column type=&#8221;1_3&#8243; _builder_version=&#8221;4.16&#8243; _module_preset=&#8221;default&#8221; global_colors_info=&#8221;{}&#8221;][et_pb_blurb image=&#8221;https:\/\/wholewordinstitute.com\/wp-content\/uploads\/2021\/11\/COS-world_1.png&#8221; _builder_version=&#8221;4.22.2&#8243; _module_preset=&#8221;5b3eb796-ae79-48f7-908e-b711673d9fda&#8221; image_max_width=&#8221;50%&#8221; global_colors_info=&#8221;{}&#8221;]<\/p>\n<p>Of the <strong>7,000+<\/strong> languages of the world<\/p>\n<p>[\/et_pb_blurb][\/et_pb_column][et_pb_column type=&#8221;1_3&#8243; _builder_version=&#8221;4.16&#8243; _module_preset=&#8221;default&#8221; global_colors_info=&#8221;{}&#8221;][et_pb_blurb image=&#8221;https:\/\/wholewordinstitute.com\/wp-content\/uploads\/2021\/11\/COS-scroll_1.png&#8221; _builder_version=&#8221;4.22.2&#8243; _module_preset=&#8221;5b3eb796-ae79-48f7-908e-b711673d9fda&#8221; image_max_width=&#8221;50%&#8221; global_colors_info=&#8221;{}&#8221;]<\/p>\n<p>Over <strong>6,000<\/strong> do not have a full Bible<\/p>\n<p>[\/et_pb_blurb][\/et_pb_column][et_pb_column type=&#8221;1_3&#8243; _builder_version=&#8221;4.16&#8243; _module_preset=&#8221;default&#8221; global_colors_info=&#8221;{}&#8221;][et_pb_blurb image=&#8221;https:\/\/wholewordinstitute.com\/wp-content\/uploads\/2021\/11\/COS-translation_1.png&#8221; _builder_version=&#8221;4.22.2&#8243; _module_preset=&#8221;5b3eb796-ae79-48f7-908e-b711673d9fda&#8221; image_max_width=&#8221;50%&#8221; global_colors_info=&#8221;{}&#8221;]<\/p>\n<p><strong>45%<\/strong> do not have a written form<\/p>\n<p>[\/et_pb_blurb][\/et_pb_column][\/et_pb_row][et_pb_row column_structure=&#8221;1_4,3_4&#8243; _builder_version=&#8221;4.22.2&#8243; _module_preset=&#8221;default&#8221; custom_padding=&#8221;1em||1em||true|false&#8221; global_colors_info=&#8221;{}&#8221;][et_pb_column type=&#8221;1_4&#8243; _builder_version=&#8221;4.16&#8243; _module_preset=&#8221;default&#8221; global_colors_info=&#8221;{}&#8221;][et_pb_text _builder_version=&#8221;4.22.2&#8243; _module_preset=&#8221;default&#8221; header_text_color=&#8221;#3E7D8E&#8221; header_4_font=&#8221;||on||||||&#8221; header_4_text_color=&#8221;#3E7D8E&#8221; global_colors_info=&#8221;{}&#8221;]<\/p>\n<h2 style=\"text-align: left;\">ORAL BIBLE TRANSLATION<\/h2>\n<h5>Training &amp; Tools for Oral Bible Translation &amp; Engagement<\/h5>\n<p>[\/et_pb_text][\/et_pb_column][et_pb_column type=&#8221;3_4&#8243; module_class=&#8221;inline-buttons&#8221; _builder_version=&#8221;4.22.2&#8243; _module_preset=&#8221;default&#8221; global_colors_info=&#8221;{}&#8221;][et_pb_text _builder_version=&#8221;4.16&#8243; _module_preset=&#8221;default&#8221; global_colors_info=&#8221;{}&#8221;]<\/p>\n<p style=\"text-align: left;\"><strong>80% of the world\u2019s population are oral learners\u2013 people who do not read or prefer to learn by oral means. This percentage is much higher among unreached people groups. Oral learners are not necessarily illiterate, they simply prefer to learn through oral performance.<\/strong><\/p>\n<p style=\"text-align: left;\">For the oral majority of the world to be able to engage effectively with the living Word, it must be translated and presented to them in a medium and format they understand and with which they can engage. Traditional literate-based approaches do not effectively \u201cspeak their language\u201d.<\/p>\n<p style=\"text-align: left;\"><span>In the Original (Old) Testament, God provides a roadmap for discipling an oral nation. Benefitting from the tremendous resources of the language, land, and culture\/historical context of the Bible, we aim to serve as a vital Kingdom multiplier by developing educational programs, materials, and tools for oral Bible translation, storytelling, and Scripture engagement; and creating innovative solutions to enable high orality-reliant communities to access and engage with the whole Word. <\/span><\/p>\n<p>[\/et_pb_text][et_pb_button button_url=&#8221;\/get-involved\/give\/&#8221; button_text=&#8221;Support a translator&#8221; button_alignment=&#8221;left&#8221; _builder_version=&#8221;4.22.2&#8243; _module_preset=&#8221;default&#8221; custom_margin=&#8221;||10px||false|false&#8221; global_colors_info=&#8221;{}&#8221;][\/et_pb_button][et_pb_button button_url=&#8221;#cos&#8221; button_text=&#8221;Become a translator&#8221; button_alignment=&#8221;left&#8221; _builder_version=&#8221;4.22.2&#8243; _module_preset=&#8221;default&#8221; custom_margin=&#8221;||10px||false|false&#8221; global_colors_info=&#8221;{}&#8221;][\/et_pb_button][\/et_pb_column][\/et_pb_row][\/et_pb_section][et_pb_section fb_built=&#8221;1&#8243; _builder_version=&#8221;4.22.2&#8243; _module_preset=&#8221;3d3e4b0b-914c-4668-ab9e-d35a4365dfb2&#8243; background_color=&#8221;#C5D7DB&#8221; background_image=&#8221;https:\/\/wholewordinstitute.com\/wp-content\/uploads\/2023\/09\/rita-crochet-bg.jpg&#8221; background_blend=&#8221;darken&#8221; background_video_mp4=&#8221;https:\/\/player.vimeo.com\/progressive_redirect\/playback\/473039749\/rendition\/720p\/file.mp4?loc=external&#038;signature=2b0bcfd9e0ca82230127beade0c9c633230eb4683f4639012ee5180e71497121&#8243; background_last_edited=&#8221;on|desktop&#8221; background_enable_video_mp4_phone=&#8221;off&#8221; locked=&#8221;off&#8221; global_colors_info=&#8221;{}&#8221;][et_pb_row _builder_version=&#8221;4.16&#8243; _module_preset=&#8221;default&#8221; custom_padding=&#8221;8em||8em||true|false&#8221; global_colors_info=&#8221;{}&#8221;][et_pb_column type=&#8221;4_4&#8243; _builder_version=&#8221;4.16&#8243; _module_preset=&#8221;default&#8221; global_colors_info=&#8221;{}&#8221;][et_pb_text _builder_version=&#8221;4.16&#8243; _module_preset=&#8221;default&#8221; text_font=&#8221;|700|||||||&#8221; text_text_color=&#8221;#FFFFFF&#8221; text_font_size=&#8221;26px&#8221; custom_padding=&#8221;||2px|||&#8221; global_colors_info=&#8221;{}&#8221;]<\/p>\n<p>RINA CROCHETS A PARABLE<\/p>\n<p>[\/et_pb_text][et_pb_text _builder_version=&#8221;4.16&#8243; _module_preset=&#8221;default&#8221; text_font=&#8221;||on||||||&#8221; text_text_color=&#8221;#FFFFFF&#8221; text_letter_spacing=&#8221;2px&#8221; custom_padding=&#8221;||1em||false|false&#8221; global_colors_info=&#8221;{}&#8221;]<\/p>\n<p>\u201cRina\u201d is a translation consultant-in-training who completed the immersive School of Biblical Hebrew and MA in Classical Hebrew &amp; Translation Consulting in Jerusalem. She is involved with the End Bible Poverty Now initiative because of her experiences as a Bible training leader in Australia, Germany and Papua New Guinea. It was in PNG that she first realized the need for Bible translation and audiovisual Bibles as the community there does not read and has no Scripture in their heart language.<\/p>\n<p>[\/et_pb_text][dsm_button button_one_text=&#8221;Watch Now&#8221; button_one_url=&#8221;https:\/\/vimeo.com\/473039749&#8243; _builder_version=&#8221;4.16&#8243; _module_preset=&#8221;3a16c8a2-e443-4b15-9a7a-7e28440e5b8e&#8221; global_colors_info=&#8221;{}&#8221;][\/dsm_button][\/et_pb_column][\/et_pb_row][\/et_pb_section][et_pb_section fb_built=&#8221;1&#8243; _builder_version=&#8221;4.16&#8243; _module_preset=&#8221;default&#8221; custom_padding=&#8221;||0px||false|false&#8221; global_colors_info=&#8221;{}&#8221;][et_pb_row module_id=&#8221;cos&#8221; _builder_version=&#8221;4.22.2&#8243; _module_preset=&#8221;f566aafb-00f8-424b-8810-03b630bfeea1&#8243; custom_padding=&#8221;2em||2em||true|false&#8221; global_colors_info=&#8221;{}&#8221;][et_pb_column type=&#8221;4_4&#8243; _builder_version=&#8221;4.17.4&#8243; _module_preset=&#8221;default&#8221; global_colors_info=&#8221;{}&#8221;][et_pb_text _builder_version=&#8221;4.22.2&#8243; _module_preset=&#8221;_initial&#8221; text_font=&#8221;||||||||&#8221; header_font=&#8221;||||||||&#8221; header_2_font=&#8221;||||||||&#8221; header_2_text_color=&#8221;#3E7D8E&#8221; header_3_font_size=&#8221;16px&#8221; header_5_line_height=&#8221;1.7em&#8221; text_orientation=&#8221;center&#8221; max_width=&#8221;860px&#8221; custom_margin=&#8221;|auto||auto|false|false&#8221; header_2_font_size_last_edited=&#8221;off|desktop&#8221; header_3_font_size_tablet=&#8221;16px&#8221; global_colors_info=&#8221;{}&#8221;]<\/p>\n<h2><span>Study at the Center for Oral Scriptures<\/span><\/h2>\n<p>The goal of the Center for Oral Scriptures is to mobilize and equip a generation of translators and practitioners committed to enabling high orality-reliant people groups to gain access to and to engage with the whole Word of God.<\/p>\n<p>[\/et_pb_text][et_pb_toggle title=&#8221;EDUCATION AND TOOLS&#8221; _builder_version=&#8221;4.17.4&#8243; _module_preset=&#8221;6ef5f173-544a-4f36-b489-713d7f5f561e&#8221; global_colors_info=&#8221;{}&#8221;]<\/p>\n<p>In the Original Testament, God provides a roadmap for discipling an oral nation and demonstrates a plethora of oral methodologies. Benefitting from the tremendous resources of the language, land, and culture\/historical context of the Bible, the Center for Oral Scriptures serves as a vital Kingdom multiplier among high orality reliant learners by:<\/p>\n<ul>\n<li>Providing educational programs of translators and orality practitioners to enable Bible access and engagement among high orality reliant communities<\/li>\n<li>Developing materials and tools to aid oral Bible translation, storytelling, and Scripture engagement<\/li>\n<li>Identifying missing links, and creating innovative solutions to enable high orality reliant communities to access and engage with the whole Word<\/li>\n<\/ul>\n<p><em><strong>Training Formats<\/strong><\/em><\/p>\n<ul>\n<li>Accredited courses and internships, as part of the various degree offerings of the Institute of Biblical Languages and Translation, to train the next generation of Bible translators, existing Bible translators and Bible translation consultants in training<\/li>\n<li>Short courses, workshops and seminars in Oral Bible Translation and Scripture engagement offered around the globe together with our partners<\/li>\n<\/ul>\n<p><em><strong>Resources<\/strong><\/em><\/p>\n<p>COS produces and publishes media resources to assist oral Bible translation and engagement; and offers consultation on oral Bible translation and engagement to translation teams. Current resources include:<\/p>\n<ul>\n<li>Master Storyteller (Digital Access and Film Package \u2013<span>\u00a0<\/span><span><em><a href=\"http:\/\/master-storyteller.net\/\" target=\"_blank\" rel=\"noopener\">master-storyteller.net<\/a><\/em><\/span>)<\/li>\n<li>Oral Translation Brief<\/li>\n<li>Short Videos<\/li>\n<li>Visual Art<\/li>\n<li>Key Biblical Concepts for Oral Bible Translation<\/li>\n<li>Bible Translation Media Toolbox<\/li>\n<\/ul>\n<p>Through its publishing arm, Orality Resources International, the Center for Oral Scriptures produces and publishes resources to fuel Scripture translation, Bible storytelling and engagement among high orality reliant learners.<\/p>\n<p>[\/et_pb_toggle][et_pb_toggle title=&#8221;COURSE OFFERINGS&#8221; _builder_version=&#8221;4.17.4&#8243; _module_preset=&#8221;6ef5f173-544a-4f36-b489-713d7f5f561e&#8221; hover_enabled=&#8221;0&#8243; global_colors_info=&#8221;{}&#8221; sticky_enabled=&#8221;0&#8243;]<\/p>\n<p>COS offers the following accredited courses in the field of Orality to students in the two MA programs of the Institute of Biblical Languages &amp; Translation.<\/p>\n<p><em><strong>MA Classical (Biblical) Hebrew electives<\/strong><\/em><\/p>\n<p><strong>Prerequisite Course:\u00a0<\/strong><em>Performing Scripture<\/em><strong><em><br \/><\/em><\/strong><strong>Course 1:<\/strong>\u00a0\u00a0<em>Biblical Foundations of Orality<\/em><br \/><strong>Course 2:<\/strong>\u00a0<em>Oral Bible Translation<\/em><\/p>\n<p><em><strong>MA Classical (Biblical) Hebrew and Translation Consulting<\/strong><\/em><\/p>\n<p><strong>Core MA Courses<\/strong><br \/><strong>Prerequisite Course:<\/strong>\u00a0<em>Performing Scripture<\/em><br \/><strong>Course 1:<\/strong>\u00a0<em>Biblical Foundations of Orality\u00a0<\/em><br \/><strong>Course 2:<\/strong>\u00a0<em>Oral Bible Translation\u00a0<\/em><\/p>\n<p><em><strong>Specialization in OBT and Consulting<\/strong><\/em><\/p>\n<p><strong>Course 3:<\/strong>\u00a0<em>Advanced Oral Bible Translation\u00a0<\/em><br \/><strong>Course 4:<\/strong>\u00a0<em>Ethnomusicology and Art\u00a0<\/em><br \/><strong>Course 5:<\/strong>\u00a0<em>Media Production<\/em><br \/><strong>Internship:<\/strong>\u00a0<em>Oral Bible Translation Internship\u00a0<\/em><\/p>\n<p>COS offers the following short courses in the field of Orality in partnership with other agencies around the world:<\/p>\n<ul>\n<li><em>Introduction of Orality<\/em><\/li>\n<li><em>Oral Bible Discovery<\/em><\/li>\n<\/ul>\n<p>[\/et_pb_toggle][et_pb_button button_url=&#8221;\/apply\/?program=MA%20in%20Classical%20Hebrew%20(12%20months)&#038;specialization=Orality&#8221; button_text=&#8221;APPLY TO MA &#8211; Classical Hebrew &#038; Translation Consulting&#8221; _builder_version=&#8221;4.27.3&#8243; _module_preset=&#8221;2fc8c24d-daed-4f7c-99f2-2b9573920823&#8243; custom_margin=&#8221;2em||||false|false&#8221; hover_enabled=&#8221;0&#8243; global_colors_info=&#8221;{}&#8221; sticky_enabled=&#8221;0&#8243;][\/et_pb_button][\/et_pb_column][\/et_pb_row][et_pb_row column_structure=&#8221;2_5,3_5&#8243; make_equal=&#8221;on&#8221; _builder_version=&#8221;4.22.2&#8243; _module_preset=&#8221;default&#8221; custom_margin=&#8221;2em|auto||auto|false|false&#8221; custom_padding=&#8221;0em||0em||true|false&#8221; global_colors_info=&#8221;{}&#8221;][et_pb_column type=&#8221;2_5&#8243; _builder_version=&#8221;4.16&#8243; _module_preset=&#8221;default&#8221; global_colors_info=&#8221;{}&#8221;][et_pb_video src=&#8221;https:\/\/vimeo.com\/519525376&#8243; image_src=&#8221;\/\/i.vimeocdn.com\/video\/1076072700-ce9e27e559e5f624084e225ef338c8961f005759167dacff4de938ca688b9940-d_960&#8243; _builder_version=&#8221;4.16&#8243; _module_preset=&#8221;default&#8221; custom_margin=&#8221;||7px|||&#8221; global_colors_info=&#8221;{}&#8221;][\/et_pb_video][et_pb_text _builder_version=&#8221;4.16&#8243; _module_preset=&#8221;default&#8221; text_font=&#8221;||on||||||&#8221; min_height=&#8221;37px&#8221; custom_padding=&#8221;0em||||false|false&#8221; global_colors_info=&#8221;{}&#8221;]<\/p>\n<p style=\"text-align: center\"><span style=\"font-size: small\">Beryl performs the Creation story in Hebrew<\/span><\/p>\n<p>[\/et_pb_text][\/et_pb_column][et_pb_column type=&#8221;3_5&#8243; _builder_version=&#8221;4.22.2&#8243; _module_preset=&#8221;default&#8221; custom_padding=&#8221;6em||||false|false&#8221; custom_padding_tablet=&#8221;2em||||false|false&#8221; custom_padding_phone=&#8221;1em||||false|false&#8221; custom_padding_last_edited=&#8221;on|phone&#8221; global_colors_info=&#8221;{}&#8221;][et_pb_text _builder_version=&#8221;4.22.2&#8243; _module_preset=&#8221;b7a30d91-057a-420e-91dc-b1abab101b55&#8243; text_font=&#8221;|300|on||||||&#8221; text_text_color=&#8221;#3E7D8E&#8221; text_font_size=&#8221;17px&#8221; text_line_height=&#8221;1.8em&#8221; global_colors_info=&#8221;{}&#8221;]<\/p>\n<p style=\"text-align: left;\"><em>\u201cMay I have the needed passion, strength, and support to pursue orality in all its fullness and advantages as a servant of God for my people group and for the people group to which the organization I belong is serving. Thank you for being an instrument in opening the eyes of my mind.\u201d<\/em><\/p>\n<p style=\"text-align: left;\"><strong><em>\u2013 Margie \u05e8\u05d1\u05e7\u05d4, Philippines<\/em><\/strong><\/p>\n<p>[\/et_pb_text][\/et_pb_column][\/et_pb_row][\/et_pb_section][et_pb_section fb_built=&#8221;1&#8243; _builder_version=&#8221;4.16&#8243; _module_preset=&#8221;default&#8221; use_background_color_gradient=&#8221;on&#8221; background_color_gradient_stops=&#8221;#ffffff 0%|rgba(0,0,0,0) 28%&#8221; background_color_gradient_overlays_image=&#8221;on&#8221; background_color_gradient_start=&#8221;#ffffff&#8221; background_color_gradient_end=&#8221;rgba(0,0,0,0)&#8221; background_color_gradient_end_position=&#8221;28%&#8221; background_image=&#8221;https:\/\/wholewordinstitute.com\/wp-content\/uploads\/2021\/11\/Banner-1-Top-1.jpg&#8221; custom_padding=&#8221;||600px||false|false&#8221; global_colors_info=&#8221;{}&#8221;][\/et_pb_section]<\/p>\n","protected":false},"excerpt":{"rendered":"<p>Of the 7,000+ languages of the worldOver 6,000 do not have a full Bible45% do not have a written formORAL BIBLE TRANSLATION Training &amp; Tools for Oral Bible Translation &amp; Engagement80% of the world\u2019s population are oral learners\u2013 people who do not read or prefer to learn by oral means. This percentage is much higher [&hellip;]<\/p>\n","protected":false},"author":8,"featured_media":0,"parent":21806,"menu_order":0,"comment_status":"closed","ping_status":"closed","template":"","meta":{"_et_pb_use_builder":"on","_et_pb_old_content":"","_et_gb_content_width":"","footnotes":""},"class_list":["post-21810","page","type-page","status-publish","hentry"],"yoast_head":"<!-- This site is optimized with the Yoast SEO plugin v27.4 - https:\/\/yoast.com\/product\/yoast-seo-wordpress\/ -->\n<title>Oral Bible Translation - Whole Word Institute<\/title>\n<meta name=\"robots\" content=\"index, follow, max-snippet:-1, max-image-preview:large, max-video-preview:-1\" \/>\n<link rel=\"canonical\" href=\"https:\/\/wholewordinstitute.com\/pt\/training-programs\/oral-bible-translation\/\" \/>\n<meta property=\"og:locale\" content=\"pt_BR\" \/>\n<meta property=\"og:type\" content=\"article\" \/>\n<meta property=\"og:title\" content=\"Oral Bible Translation - Whole Word Institute\" \/>\n<meta property=\"og:description\" content=\"Of the 7,000+ languages of the worldOver 6,000 do not have a full Bible45% do not have a written formORAL BIBLE TRANSLATION Training &amp; Tools for Oral Bible Translation &amp; Engagement80% of the world\u2019s population are oral learners\u2013 people who do not read or prefer to learn by oral means. This percentage is much higher [&hellip;]\" \/>\n<meta property=\"og:url\" content=\"https:\/\/wholewordinstitute.com\/pt\/training-programs\/oral-bible-translation\/\" \/>\n<meta property=\"og:site_name\" content=\"Whole Word Institute\" \/>\n<meta property=\"article:modified_time\" content=\"2024-11-21T12:29:33+00:00\" \/>\n<meta name=\"twitter:card\" content=\"summary_large_image\" \/>\n<meta name=\"twitter:label1\" content=\"Est. tempo de leitura\" \/>\n\t<meta name=\"twitter:data1\" content=\"10 minutos\" \/>\n<script type=\"application\/ld+json\" class=\"yoast-schema-graph\">{\"@context\":\"https:\\\/\\\/schema.org\",\"@graph\":[{\"@type\":\"WebPage\",\"@id\":\"https:\\\/\\\/wholewordinstitute.com\\\/training-programs\\\/oral-bible-translation\\\/\",\"url\":\"https:\\\/\\\/wholewordinstitute.com\\\/training-programs\\\/oral-bible-translation\\\/\",\"name\":\"Oral Bible Translation - Whole Word Institute\",\"isPartOf\":{\"@id\":\"https:\\\/\\\/wholewordinstitute.com\\\/#website\"},\"datePublished\":\"2021-10-01T07:34:30+00:00\",\"dateModified\":\"2024-11-21T12:29:33+00:00\",\"breadcrumb\":{\"@id\":\"https:\\\/\\\/wholewordinstitute.com\\\/training-programs\\\/oral-bible-translation\\\/#breadcrumb\"},\"inLanguage\":\"pt-BR\",\"potentialAction\":[{\"@type\":\"ReadAction\",\"target\":[\"https:\\\/\\\/wholewordinstitute.com\\\/training-programs\\\/oral-bible-translation\\\/\"]}]},{\"@type\":\"BreadcrumbList\",\"@id\":\"https:\\\/\\\/wholewordinstitute.com\\\/training-programs\\\/oral-bible-translation\\\/#breadcrumb\",\"itemListElement\":[{\"@type\":\"ListItem\",\"position\":1,\"name\":\"Home\",\"item\":\"https:\\\/\\\/wholewordinstitute.com\\\/\"},{\"@type\":\"ListItem\",\"position\":2,\"name\":\"Training Programs\",\"item\":\"https:\\\/\\\/wholewordinstitute.com\\\/training-programs\\\/\"},{\"@type\":\"ListItem\",\"position\":3,\"name\":\"Oral Bible Translation\"}]},{\"@type\":\"WebSite\",\"@id\":\"https:\\\/\\\/wholewordinstitute.com\\\/#website\",\"url\":\"https:\\\/\\\/wholewordinstitute.com\\\/\",\"name\":\"Whole Word Institute\",\"description\":\"The whole word for the whole world\",\"potentialAction\":[{\"@type\":\"SearchAction\",\"target\":{\"@type\":\"EntryPoint\",\"urlTemplate\":\"https:\\\/\\\/wholewordinstitute.com\\\/?s={search_term_string}\"},\"query-input\":{\"@type\":\"PropertyValueSpecification\",\"valueRequired\":true,\"valueName\":\"search_term_string\"}}],\"inLanguage\":\"pt-BR\"}]}<\/script>\n<!-- \/ Yoast SEO plugin. -->","yoast_head_json":{"title":"Oral Bible Translation - Whole Word Institute","robots":{"index":"index","follow":"follow","max-snippet":"max-snippet:-1","max-image-preview":"max-image-preview:large","max-video-preview":"max-video-preview:-1"},"canonical":"https:\/\/wholewordinstitute.com\/pt\/training-programs\/oral-bible-translation\/","og_locale":"pt_BR","og_type":"article","og_title":"Oral Bible Translation - Whole Word Institute","og_description":"Of the 7,000+ languages of the worldOver 6,000 do not have a full Bible45% do not have a written formORAL BIBLE TRANSLATION Training &amp; Tools for Oral Bible Translation &amp; Engagement80% of the world\u2019s population are oral learners\u2013 people who do not read or prefer to learn by oral means. This percentage is much higher [&hellip;]","og_url":"https:\/\/wholewordinstitute.com\/pt\/training-programs\/oral-bible-translation\/","og_site_name":"Whole Word Institute","article_modified_time":"2024-11-21T12:29:33+00:00","twitter_card":"summary_large_image","twitter_misc":{"Est. tempo de leitura":"10 minutos"},"schema":{"@context":"https:\/\/schema.org","@graph":[{"@type":"WebPage","@id":"https:\/\/wholewordinstitute.com\/training-programs\/oral-bible-translation\/","url":"https:\/\/wholewordinstitute.com\/training-programs\/oral-bible-translation\/","name":"Oral Bible Translation - Whole Word Institute","isPartOf":{"@id":"https:\/\/wholewordinstitute.com\/#website"},"datePublished":"2021-10-01T07:34:30+00:00","dateModified":"2024-11-21T12:29:33+00:00","breadcrumb":{"@id":"https:\/\/wholewordinstitute.com\/training-programs\/oral-bible-translation\/#breadcrumb"},"inLanguage":"pt-BR","potentialAction":[{"@type":"ReadAction","target":["https:\/\/wholewordinstitute.com\/training-programs\/oral-bible-translation\/"]}]},{"@type":"BreadcrumbList","@id":"https:\/\/wholewordinstitute.com\/training-programs\/oral-bible-translation\/#breadcrumb","itemListElement":[{"@type":"ListItem","position":1,"name":"Home","item":"https:\/\/wholewordinstitute.com\/"},{"@type":"ListItem","position":2,"name":"Training Programs","item":"https:\/\/wholewordinstitute.com\/training-programs\/"},{"@type":"ListItem","position":3,"name":"Oral Bible Translation"}]},{"@type":"WebSite","@id":"https:\/\/wholewordinstitute.com\/#website","url":"https:\/\/wholewordinstitute.com\/","name":"Instituto Word Inteiro","description":"A palavra inteira para o mundo inteiro","potentialAction":[{"@type":"SearchAction","target":{"@type":"EntryPoint","urlTemplate":"https:\/\/wholewordinstitute.com\/?s={search_term_string}"},"query-input":{"@type":"PropertyValueSpecification","valueRequired":true,"valueName":"search_term_string"}}],"inLanguage":"pt-BR"}]}},"_links":{"self":[{"href":"https:\/\/wholewordinstitute.com\/pt\/wp-json\/wp\/v2\/pages\/21810","targetHints":{"allow":["GET"]}}],"collection":[{"href":"https:\/\/wholewordinstitute.com\/pt\/wp-json\/wp\/v2\/pages"}],"about":[{"href":"https:\/\/wholewordinstitute.com\/pt\/wp-json\/wp\/v2\/types\/page"}],"author":[{"embeddable":true,"href":"https:\/\/wholewordinstitute.com\/pt\/wp-json\/wp\/v2\/users\/8"}],"replies":[{"embeddable":true,"href":"https:\/\/wholewordinstitute.com\/pt\/wp-json\/wp\/v2\/comments?post=21810"}],"version-history":[{"count":16,"href":"https:\/\/wholewordinstitute.com\/pt\/wp-json\/wp\/v2\/pages\/21810\/revisions"}],"predecessor-version":[{"id":25206,"href":"https:\/\/wholewordinstitute.com\/pt\/wp-json\/wp\/v2\/pages\/21810\/revisions\/25206"}],"up":[{"embeddable":true,"href":"https:\/\/wholewordinstitute.com\/pt\/wp-json\/wp\/v2\/pages\/21806"}],"wp:attachment":[{"href":"https:\/\/wholewordinstitute.com\/pt\/wp-json\/wp\/v2\/media?parent=21810"}],"curies":[{"name":"wp","href":"https:\/\/api.w.org\/{rel}","templated":true}]}}